{"id":225,"date":"2019-06-05T21:46:03","date_gmt":"2019-06-05T19:46:03","guid":{"rendered":"https:\/\/ondinavet.es\/?page_id=225"},"modified":"2019-06-05T21:59:47","modified_gmt":"2019-06-05T19:59:47","slug":"politica-de-cookies","status":"publish","type":"page","link":"https:\/\/ondinavet.es\/en\/politica-de-cookies\/","title":{"rendered":"Pol\u00edtica de Cookies"},"content":{"rendered":"<section class=\"fw-main-row\"   >\n    \t    <div class=\"fw-container-fluid\">\n\t\t<div class=\"container\">\t\t<div class=\"fw-row\">\n\t<div class=\"fw-col-xs-12\">\n\t\t<div class=\"fw-heading fw-heading-h3\">\n\t\t\t\t<h3 class='fw-special-title h3'><small>POL\u00cdTICA<\/small> DE COOKIES<\/h3>\t\t\t<\/div>\n<p><strong>Aviso a navegantes:<\/strong><\/p><p>Este sitio web www.ondinavet.es, en adelante el \u201cSitio Web\u201d, utiliza una tecnolog\u00eda denominada \u201ccookies\u201d con la finalidad de recabar informaci\u00f3n sobre el uso del sitio web.<\/p><p>En este sitio web, se utilizan cookies propias y de terceros para varias cosas, como te explicar\u00e9 a continuaci\u00f3n, con el lenguaje m\u00e1s sencillo que pueda, para que comprendas qu\u00e9 son, en qu\u00e9 consiste su uso en este sitio y c\u00f3mo puedes rechazarlas, eliminarlas o revocarlas si no est\u00e1s de acuerdo con ello.<\/p><p><strong>\u00bfQu\u00e9 es una cookie?<\/strong><\/p><p>Una \u201ccookie\u201d es una peque\u00f1a cantidad de texto que contiene informaci\u00f3n y se almacena en tu navegador (como Chrome de Google o Firefox de Mozilla) cuando navegas por la mayor\u00eda de los sitios web.<\/p><p><strong>\u00bfQu\u00e9 NO es una cookie?<\/strong><\/p><p>No es un virus, ni un troyano, ni un gusano, ni spam, ni spyware, ni abre ventanas pop-up.<\/p><p><strong>\u00bfQu\u00e9 informaci\u00f3n almacena una cookie?<\/strong><\/p><p>Las cookies no suelen almacenar informaci\u00f3n sensible sobre ti, como tarjetas de cr\u00e9dito o datos bancarios, fotograf\u00edas o informaci\u00f3n personal, etc. Los datos que guardan son de car\u00e1cter t\u00e9cnico, estad\u00edsticos, preferencias personales, personalizaci\u00f3n de contenidos, etc.<\/p><p>El servidor web no te asocia a ti como persona sino a tu navegador web (es por tanto una asociaci\u00f3n an\u00f3nima).<\/p><p>De hecho, si navegas habitualmente con un navegador y pruebas a navegar por la misma web con otro diferente, ver\u00e1s que la web no se da cuenta de que eres la misma persona, porque en realidad est\u00e1 asociando la informaci\u00f3n al navegador, no a la persona.<\/p><p><strong>\u00bfQu\u00e9 tipo de cookies existen?<\/strong><\/p><ul><li><strong>Cookies t\u00e9cnicas:<\/strong> Son las m\u00e1s elementales y permiten, entre otras cosas, saber cu\u00e1ndo est\u00e1 navegando un humano o una aplicaci\u00f3n automatizada, cu\u00e1ndo navega un usuario an\u00f3nimo y uno registrado, tareas b\u00e1sicas para el funcionamiento de cualquier web din\u00e1mica.<\/li><li><strong>Cookies de personalizaci\u00f3n:<\/strong>\u00a0Permiten al usuario acceder a un servicio con algunas caracter\u00edsticas de car\u00e1cter general predefinidas en funci\u00f3n de criterios propios del terminal que usa (idioma, tipo de navegador, configuraci\u00f3n regional\u2026).<\/li><li><strong>Cookies de an\u00e1lisis:<\/strong> Recogen informaci\u00f3n an\u00f3nima sobre el comportamiento de los usuarios en los sitios web con la finalidad de medir y analizar la actividad del sitio web en cuesti\u00f3n para introducir mejoras en funci\u00f3n de los datos de uso.<\/li><li><strong>Cookies publicitarias:<\/strong> Permiten gestionar los espacios publicitarios de una web de manera m\u00e1s eficaz, en relaci\u00f3n al contenido editado o la frecuencia con la que se muestran los anuncios.<\/li><li><strong>Cookies de publicidad comportamental:<\/strong>\u00a0Permiten observar de manera continuada los h\u00e1bitos de navegaci\u00f3n de los usuarios de una web con la finalidad de desarrollar perfiles espec\u00edficos y mostrar publicidad en funci\u00f3n de los mismos.<\/li><\/ul><p><strong>\u00bfQu\u00e9 son las cookies propias y las de terceros?<\/strong><\/p><p>Las cookies propias son las generadas por la p\u00e1gina que est\u00e1s visitando y las de terceros son las generadas por servicios o proveedores externos a esa p\u00e1gina, como ActiveCampaign, Facebook, Twitter, Google Adsense, etc.<\/p><p><strong>Qu\u00e9 cookies utiliza esta web y para qu\u00e9<\/strong><\/p><p>Esta web utiliza cookies propias y de terceros. En concreto se utilizan las cookies que se detallan a continuaci\u00f3n:<\/p><p><strong>Cookies propias<\/strong><\/p><ul><li><strong>Personalizaci\u00f3n:<\/strong> Las cookies me ayudan a recordar con qu\u00e9 personas o sitios web has interactuado, para que pueda mostrarte contenido relacionado.<\/li><li><strong>Preferencias:<\/strong> Las cookies me permiten recordar tus ajustes y preferencias, como el idioma preferido y tu configuraci\u00f3n de privacidad.<\/li><li><strong>Seguridad:<\/strong> Utilizo cookies para evitarte riesgos de seguridad.<\/li><\/ul><p><strong>Cookies de terceros<\/strong><\/p><p>Esta web, como la mayor\u00eda de sitios web, incluye funcionalidades proporcionadas por terceros.<\/p><p>Entre las cookies de terceros m\u00e1s estables est\u00e1n:<\/p><ul><li><strong>Las generadas por servicios de an\u00e1lisis:<\/strong> concretamente, <strong>Google Analytics<\/strong> para ayudar al website a analizar el uso que hacen los Usuarios del sitio web y mejorar la usabilidad del mismo. Pero en ning\u00fan caso se asocian a datos que pudieran llegar a identificar al usuario.<\/li><\/ul><p>Google Analytics, es un servicio de anal\u00edtica web prestado por Google, Inc. Si lo deseas, puedes consultar el <a href=\"https:\/\/policies.google.com\/technologies\/types?hl=es\">tipo de cookies utilizadas por Google<\/a>.<\/p><ul><li><strong>WordPress:<\/strong> el sitio web est\u00e1 creado en la plataforma libre y gratuita WordPress.org y est\u00e1 alojado en un servidor propio. Pero puede usar cookies de la empresa norteamericana Automattic, Inc de diferentes servicios, como por ejemplo el de Gravatar (estas cookies hacen que tu imagen se muestre en mi sitio web, si tienes activado este servicio). Puedes saber m\u00e1s leyendo su <a href=\"https:\/\/wordpress.org\/about\/privacy\/\">Privacy Policy<\/a>.<\/li><li><strong>Cookies de redes sociales:<\/strong> pueden almacenarse en tu navegador mientras navegas por este sitio web, por ejemplo, cuando utilizas el bot\u00f3n de compartir contenidos de ondinavet.es en alguna red social.<\/li><\/ul><p>A continuaci\u00f3n, tienes informaci\u00f3n sobre las cookies de las <strong>redes sociales<\/strong> que utiliza esta web en sus propias pol\u00edticas de cookies:<\/p><ul><li>Cookies de Facebook: ver m\u00e1s informaci\u00f3n en su <a href=\"https:\/\/es-es.facebook.com\/policies\/cookies\/\">pol\u00edtica de cookies<\/a>.<\/li><li>Cookies de Google+: ver m\u00e1s informaci\u00f3n en su <a href=\"https:\/\/policies.google.com\/technologies\/cookies?hl=es\">pol\u00edtica de cookies<\/a>.<\/li><\/ul><p>Las implicaciones de privacidad depender\u00e1n de cada red social y de la configuraci\u00f3n de privacidad que hayas elegido en ella.<\/p><p><strong>Esta web no utiliza cookies para:<\/strong><\/p><ul><li>Almacenar informaci\u00f3n sensible de identificaci\u00f3n personal como puede ser tu direcci\u00f3n, contrase\u00f1a o datos de tu tarjeta de cr\u00e9dito.<\/li><li>Compartir o ceder datos de identificaci\u00f3n personal a terceros sin tu conocimiento y permiso expreso.<\/li><\/ul><p>Esta web siempre requiere tu consentimiento para utilizar cookies.<\/p><p>En ning\u00fan caso, ni el responsable de esta web ni los anunciantes pueden obtener informaci\u00f3n personal identificable de estas cookies.<\/p><p><strong>\u00bfSe pueden eliminar las cookies?<\/strong><\/p><p>S\u00ed, y no s\u00f3lo eliminar, tambi\u00e9n se pueden bloquear, de forma general o particular para un dominio espec\u00edfico. Sin embargo, al deshabilitarlas, esto podr\u00eda afectar al uso de determinadas partes de nuestro sitio web. Por favor, cont\u00e1ctanos si tienes cualquier duda o sugerencia<\/p><p>Para eliminar las cookies de un sitio web debes ir a la configuraci\u00f3n de tu navegador y all\u00ed podr\u00e1s buscar las asociadas al dominio en cuesti\u00f3n y proceder a su eliminaci\u00f3n.<\/p><p>Ten en cuenta que tendr\u00e1s que adaptar por separado la configuraci\u00f3n de cada navegador y equipo que utilices.<\/p><p>Este sitio pone a disposici\u00f3n de los usuarios que quieran impedir la instalaci\u00f3n de las mencionadas cookies, enlaces facilitados al efecto por los navegadores cuyo uso se considera m\u00e1s extendido:<\/p><ul><li><a href=\"http:\/\/support.google.com\/chrome\/bin\/answer.py?hl=es-419&amp;answer=95647\">Google Chrome<\/a><\/li><li><a href=\"#ie=ie-10\">Internet Explorer<\/a><\/li><li><a href=\"http:\/\/support.mozilla.org\/es\/kb\/habilitar-y-deshabilitar-cookies-que-los-sitios-we\">Mozilla Firefox<\/a><\/li><li><a href=\"http:\/\/support.apple.com\/kb\/HT1677?viewlocale=es_ES%20%97%20http:\/\/support.apple.com\/kb\/ph5042\">Safari<\/a><\/li><\/ul><p><strong>M\u00e1s informaci\u00f3n sobre las cookies<\/strong><\/p><p>Puedes consultar el reglamento sobre cookies publicado por la Agencia Espa\u00f1ola de Protecci\u00f3n de Datos en su <a href=\"http:\/\/www.agpd.es\/portalwebAGPD\/canaldocumentacion\/publicaciones\/common\/Guias\/Guia_Cookies.pdf\">Gu\u00eda sobre el uso de las cookies<\/a> y obtener m\u00e1s informaci\u00f3n sobre las cookies en Internet en\u00a0<a href=\"http:\/\/www.aboutcookies.org\/\">aboutcookies.org<\/a>.<\/p><p>Si deseas tener un mayor control sobre la instalaci\u00f3n de cookies, puedes instalar programas o complementos en tu navegador, conocidos como herramientas de \u201cDo Not Track\u201d, que te permitir\u00e1n escoger aquellas cookies que deseas permitir.<\/p><\/div>\n<\/div>\n\n\t\t<\/div>\t<\/div>\n<\/section>","protected":false},"excerpt":{"rendered":"<p>POL\u00cdTICA DE COOKIES Aviso a navegantes:Este sitio web www.ondinavet.es, en adelante el \u201cSitio Web\u201d, utiliza una tecnolog\u00eda denominada \u201ccookies\u201d con la finalidad de recabar informaci\u00f3n sobre el uso del sitio web.En este sitio web, se utilizan cookies propias y de terceros para varias cosas, como te explicar\u00e9 a continuaci\u00f3n, con el lenguaje m\u00e1s sencillo que<\/p>","protected":false},"author":1,"featured_media":0,"parent":0,"menu_order":0,"comment_status":"closed","ping_status":"closed","template":"","meta":{"_monsterinsights_skip_tracking":false,"_monsterinsights_sitenote_active":false,"_monsterinsights_sitenote_note":"","_monsterinsights_sitenote_category":0,"footnotes":""},"class_list":["post-225","page","type-page","status-publish","hentry"],"yoast_head":"<!-- This site is optimized with the Yoast SEO plugin v26.5 - https:\/\/yoast.com\/wordpress\/plugins\/seo\/ -->\n<title>Pol\u00edtica de Cookies - Ondina<\/title>\n<meta name=\"robots\" content=\"index, follow, max-snippet:-1, max-image-preview:large, max-video-preview:-1\" \/>\n<link rel=\"canonical\" href=\"https:\/\/ondinavet.es\/en\/politica-de-cookies\/\" \/>\n<meta property=\"og:locale\" content=\"en_GB\" \/>\n<meta property=\"og:type\" content=\"article\" \/>\n<meta property=\"og:title\" content=\"Pol\u00edtica de Cookies - Ondina\" \/>\n<meta property=\"og:description\" content=\"POL\u00cdTICA DE COOKIES Aviso a navegantes:Este sitio web www.ondinavet.es, en adelante el \u201cSitio Web\u201d, utiliza una tecnolog\u00eda denominada \u201ccookies\u201d con la finalidad de recabar informaci\u00f3n sobre el uso del sitio web.En este sitio web, se utilizan cookies propias y de terceros para varias cosas, como te explicar\u00e9 a continuaci\u00f3n, con el lenguaje m\u00e1s sencillo que\" \/>\n<meta property=\"og:url\" content=\"https:\/\/ondinavet.es\/en\/politica-de-cookies\/\" \/>\n<meta property=\"og:site_name\" content=\"Ondina\" \/>\n<meta property=\"article:publisher\" content=\"https:\/\/www.facebook.com\/cvondina\/\" \/>\n<meta property=\"article:modified_time\" content=\"2019-06-05T19:59:47+00:00\" \/>\n<meta name=\"twitter:card\" content=\"summary_large_image\" \/>\n<meta name=\"twitter:label1\" content=\"Estimated reading time\" \/>\n\t<meta name=\"twitter:data1\" content=\"6 minutes\" \/>\n<script type=\"application\/ld+json\" class=\"yoast-schema-graph\">{\"@context\":\"https:\/\/schema.org\",\"@graph\":[{\"@type\":\"WebPage\",\"@id\":\"https:\/\/ondinavet.es\/es\/politica-de-cookies\/\",\"url\":\"https:\/\/ondinavet.es\/es\/politica-de-cookies\/\",\"name\":\"Pol\u00edtica de Cookies - Ondina\",\"isPartOf\":{\"@id\":\"https:\/\/ondinavet.es\/es\/#website\"},\"datePublished\":\"2019-06-05T19:46:03+00:00\",\"dateModified\":\"2019-06-05T19:59:47+00:00\",\"breadcrumb\":{\"@id\":\"https:\/\/ondinavet.es\/es\/politica-de-cookies\/#breadcrumb\"},\"inLanguage\":\"en-GB\",\"potentialAction\":[{\"@type\":\"ReadAction\",\"target\":[\"https:\/\/ondinavet.es\/es\/politica-de-cookies\/\"]}]},{\"@type\":\"BreadcrumbList\",\"@id\":\"https:\/\/ondinavet.es\/es\/politica-de-cookies\/#breadcrumb\",\"itemListElement\":[{\"@type\":\"ListItem\",\"position\":1,\"name\":\"Portada\",\"item\":\"https:\/\/ondinavet.es\/es\/\"},{\"@type\":\"ListItem\",\"position\":2,\"name\":\"Pol\u00edtica de Cookies\"}]},{\"@type\":\"WebSite\",\"@id\":\"https:\/\/ondinavet.es\/es\/#website\",\"url\":\"https:\/\/ondinavet.es\/es\/\",\"name\":\"Ondina\",\"description\":\"Centro Veterinario Ondina\",\"publisher\":{\"@id\":\"https:\/\/ondinavet.es\/es\/#organization\"},\"potentialAction\":[{\"@type\":\"SearchAction\",\"target\":{\"@type\":\"EntryPoint\",\"urlTemplate\":\"https:\/\/ondinavet.es\/es\/?s={search_term_string}\"},\"query-input\":{\"@type\":\"PropertyValueSpecification\",\"valueRequired\":true,\"valueName\":\"search_term_string\"}}],\"inLanguage\":\"en-GB\"},{\"@type\":\"Organization\",\"@id\":\"https:\/\/ondinavet.es\/es\/#organization\",\"name\":\"Centro Veterinario Ondina\",\"url\":\"https:\/\/ondinavet.es\/es\/\",\"logo\":{\"@type\":\"ImageObject\",\"inLanguage\":\"en-GB\",\"@id\":\"https:\/\/ondinavet.es\/es\/#\/schema\/logo\/image\/\",\"url\":\"https:\/\/ondinavet.es\/wp-content\/uploads\/2019\/04\/Ondina-logo-1.png\",\"contentUrl\":\"https:\/\/ondinavet.es\/wp-content\/uploads\/2019\/04\/Ondina-logo-1.png\",\"width\":1218,\"height\":1217,\"caption\":\"Centro Veterinario Ondina\"},\"image\":{\"@id\":\"https:\/\/ondinavet.es\/es\/#\/schema\/logo\/image\/\"},\"sameAs\":[\"https:\/\/www.facebook.com\/cvondina\/\"]}]}<\/script>\n<!-- \/ Yoast SEO plugin. -->","yoast_head_json":{"title":"Pol\u00edtica de Cookies - Ondina","robots":{"index":"index","follow":"follow","max-snippet":"max-snippet:-1","max-image-preview":"max-image-preview:large","max-video-preview":"max-video-preview:-1"},"canonical":"https:\/\/ondinavet.es\/en\/politica-de-cookies\/","og_locale":"en_GB","og_type":"article","og_title":"Pol\u00edtica de Cookies - Ondina","og_description":"POL\u00cdTICA DE COOKIES Aviso a navegantes:Este sitio web www.ondinavet.es, en adelante el \u201cSitio Web\u201d, utiliza una tecnolog\u00eda denominada \u201ccookies\u201d con la finalidad de recabar informaci\u00f3n sobre el uso del sitio web.En este sitio web, se utilizan cookies propias y de terceros para varias cosas, como te explicar\u00e9 a continuaci\u00f3n, con el lenguaje m\u00e1s sencillo que","og_url":"https:\/\/ondinavet.es\/en\/politica-de-cookies\/","og_site_name":"Ondina","article_publisher":"https:\/\/www.facebook.com\/cvondina\/","article_modified_time":"2019-06-05T19:59:47+00:00","twitter_card":"summary_large_image","twitter_misc":{"Estimated reading time":"6 minutes"},"schema":{"@context":"https:\/\/schema.org","@graph":[{"@type":"WebPage","@id":"https:\/\/ondinavet.es\/es\/politica-de-cookies\/","url":"https:\/\/ondinavet.es\/es\/politica-de-cookies\/","name":"Pol\u00edtica de Cookies - Ondina","isPartOf":{"@id":"https:\/\/ondinavet.es\/es\/#website"},"datePublished":"2019-06-05T19:46:03+00:00","dateModified":"2019-06-05T19:59:47+00:00","breadcrumb":{"@id":"https:\/\/ondinavet.es\/es\/politica-de-cookies\/#breadcrumb"},"inLanguage":"en-GB","potentialAction":[{"@type":"ReadAction","target":["https:\/\/ondinavet.es\/es\/politica-de-cookies\/"]}]},{"@type":"BreadcrumbList","@id":"https:\/\/ondinavet.es\/es\/politica-de-cookies\/#breadcrumb","itemListElement":[{"@type":"ListItem","position":1,"name":"Portada","item":"https:\/\/ondinavet.es\/es\/"},{"@type":"ListItem","position":2,"name":"Pol\u00edtica de Cookies"}]},{"@type":"WebSite","@id":"https:\/\/ondinavet.es\/es\/#website","url":"https:\/\/ondinavet.es\/es\/","name":"Ondina","description":"Centro Veterinario Ondina","publisher":{"@id":"https:\/\/ondinavet.es\/es\/#organization"},"potentialAction":[{"@type":"SearchAction","target":{"@type":"EntryPoint","urlTemplate":"https:\/\/ondinavet.es\/es\/?s={search_term_string}"},"query-input":{"@type":"PropertyValueSpecification","valueRequired":true,"valueName":"search_term_string"}}],"inLanguage":"en-GB"},{"@type":"Organization","@id":"https:\/\/ondinavet.es\/es\/#organization","name":"Centro Veterinario Ondina","url":"https:\/\/ondinavet.es\/es\/","logo":{"@type":"ImageObject","inLanguage":"en-GB","@id":"https:\/\/ondinavet.es\/es\/#\/schema\/logo\/image\/","url":"https:\/\/ondinavet.es\/wp-content\/uploads\/2019\/04\/Ondina-logo-1.png","contentUrl":"https:\/\/ondinavet.es\/wp-content\/uploads\/2019\/04\/Ondina-logo-1.png","width":1218,"height":1217,"caption":"Centro Veterinario Ondina"},"image":{"@id":"https:\/\/ondinavet.es\/es\/#\/schema\/logo\/image\/"},"sameAs":["https:\/\/www.facebook.com\/cvondina\/"]}]}},"_links":{"self":[{"href":"https:\/\/ondinavet.es\/en\/wp-json\/wp\/v2\/pages\/225","targetHints":{"allow":["GET"]}}],"collection":[{"href":"https:\/\/ondinavet.es\/en\/wp-json\/wp\/v2\/pages"}],"about":[{"href":"https:\/\/ondinavet.es\/en\/wp-json\/wp\/v2\/types\/page"}],"author":[{"embeddable":true,"href":"https:\/\/ondinavet.es\/en\/wp-json\/wp\/v2\/users\/1"}],"replies":[{"embeddable":true,"href":"https:\/\/ondinavet.es\/en\/wp-json\/wp\/v2\/comments?post=225"}],"version-history":[{"count":4,"href":"https:\/\/ondinavet.es\/en\/wp-json\/wp\/v2\/pages\/225\/revisions"}],"predecessor-version":[{"id":230,"href":"https:\/\/ondinavet.es\/en\/wp-json\/wp\/v2\/pages\/225\/revisions\/230"}],"wp:attachment":[{"href":"https:\/\/ondinavet.es\/en\/wp-json\/wp\/v2\/media?parent=225"}],"curies":[{"name":"wp","href":"https:\/\/api.w.org\/{rel}","templated":true}]}}